{"id":7948,"date":"2023-07-14T09:43:55","date_gmt":"2023-07-14T09:43:55","guid":{"rendered":"http:\/\/localhost\/sevenstars\/?page_id=7948"},"modified":"2025-12-20T09:14:10","modified_gmt":"2025-12-20T09:14:10","slug":"branchen","status":"publish","type":"page","link":"https:\/\/sevenstars-call.com\/en\/branchen\/","title":{"rendered":"Industries"},"content":{"rendered":"<div data-elementor-type=\"wp-page\" data-elementor-id=\"7948\" class=\"elementor elementor-7948\">\n\t\t\t\t\t\t\t        <section class=\"elementor-section elementor-top-section elementor-element elementor-element-21b714b5 elementor-section-content-middle elementor-section-boxed elementor-section-height-default elementor-section-height-default ct-header-fixed-none ct-row-max-none\" data-id=\"21b714b5\" data-element_type=\"section\">\n            \n                        <div class=\"elementor-container elementor-column-gap-extended\">\n                    <div class=\"elementor-column elementor-col-100 elementor-top-column elementor-element elementor-element-69e72f28\" data-id=\"69e72f28\" data-element_type=\"column\">\n            <div class=\"elementor-widget-wrap elementor-element-populated\">\n                        \t\t<div class=\"elementor-element elementor-element-2703b0d1 elementor-widget elementor-widget-ct_heading\" data-id=\"2703b0d1\" data-element_type=\"widget\" data-widget_type=\"ct_heading.default\">\n\t\t\t\t<div class=\"elementor-widget-container\">\n\t\t\t<div id=\"ct_heading-2703b0d1\" class=\"ct-heading h-align-center sub-style1 ct-heading-left item-st-default\">\r\n\t<div class=\"ct-item--inner\">\r\n        <div class=\"ct-inline-css\"  data-css=\"            \">\r\n        <\/div>\r\n                <h3 class=\"item--title st-default case-animate-time\" data-wow-delay=\"ms\">\r\n                        <span class=\"sp-main\">\r\n                \r\n                Industries in which we operate\r\n                \r\n                            <\/span>\r\n                    <\/h3>\r\n    <\/div>\r\n<\/div>\t\t<\/div>\n\t\t\t\t<\/div>\n\t\t            <\/div>\n        <\/div>\n                            <\/div>\n        <\/section>\n                <section class=\"elementor-section elementor-top-section elementor-element elementor-element-3a8ea759 elementor-section-boxed elementor-section-height-default elementor-section-height-default ct-header-fixed-none ct-row-max-none\" data-id=\"3a8ea759\" data-element_type=\"section\">\n            \n                        <div class=\"elementor-container elementor-column-gap-extended\">\n                    <div class=\"elementor-column elementor-col-100 elementor-top-column elementor-element elementor-element-68d2945\" data-id=\"68d2945\" data-element_type=\"column\">\n            <div class=\"elementor-widget-wrap elementor-element-populated\">\n                        \t\t<div class=\"elementor-element elementor-element-5249e166 elementor-widget elementor-widget-ct_service_grid\" data-id=\"5249e166\" data-element_type=\"widget\" data-widget_type=\"ct_service_grid.default\">\n\t\t\t\t<div class=\"elementor-widget-container\">\n\t\t\t\r\n<div id=\"ct_service_grid-5249e166\" class=\"ct-grid ct-service-grid8 style1\" data-layout=\"masonry\" data-start-page=\"1\" data-max-pages=\"1\" data-total=\"3\" data-perpage=\"6\" data-next-link=\"\">\r\n    <div class=\"ct-grid-overlay\"><\/div>\r\n    \r\n    <div class=\"ct-grid-inner ct-grid-masonry row animate-time\" data-gutter=\"15\">\r\n                        <div class=\"grid-item col-xl-4 col-lg-4 col-md-4 col-sm-6 col-12 sevenstars-services\">\r\n                    <div class=\"grid-item-inner wow fadeInUp\" data-wow-duration=\"1.2s\">\r\n                                                                                                    <h3 class=\"item--title\"><a href=\"https:\/\/sevenstars-call.com\/en\/service\/branchen-ecommerce\/\">E-Commerce<\/a><\/h3>\r\n                                                                            <div class=\"item--content\">\r\n                                Customer service and order acceptance for online shops and e-commerce companies.                            <\/div>\r\n                                                <a href=\"https:\/\/sevenstars-call.com\/en\/service\/branchen-ecommerce\/\" class=\"item--readmore\"><\/a>\r\n                    <\/div>\r\n                <\/div>\r\n                            <div class=\"grid-item col-xl-4 col-lg-4 col-md-4 col-sm-6 col-12 sevenstars-services\">\r\n                    <div class=\"grid-item-inner wow fadeInUp\" data-wow-duration=\"1.2s\">\r\n                                                    <div class=\"item--icon\"><i class=\"flaticonv5-headphone\"><\/i><\/div>\r\n                                                                                                    <h3 class=\"item--title\"><a href=\"https:\/\/sevenstars-call.com\/en\/service\/telekommunikation\/\">Telecommunication<\/a><\/h3>\r\n                                                                            <div class=\"item--content\">\r\n                                Customer support for telecommunications companies                            <\/div>\r\n                                                <a href=\"https:\/\/sevenstars-call.com\/en\/service\/telekommunikation\/\" class=\"item--readmore\"><\/a>\r\n                    <\/div>\r\n                <\/div>\r\n                            <div class=\"grid-item col-xl-4 col-lg-4 col-md-4 col-sm-6 col-12 sevenstars-services\">\r\n                    <div class=\"grid-item-inner wow fadeInUp\" data-wow-duration=\"1.2s\">\r\n                                                    <div class=\"item--icon\"><i class=\"fa fa-heart\"><\/i><\/div>\r\n                                                                                                    <h3 class=\"item--title\"><a href=\"https:\/\/sevenstars-call.com\/en\/service\/gesundheitswesen\/\">Healthcare<\/a><\/h3>\r\n                                                                            <div class=\"item--content\">\r\n                                Appointments, patient care and consultation services for medical facilities.                            <\/div>\r\n                                                <a href=\"https:\/\/sevenstars-call.com\/en\/service\/gesundheitswesen\/\" class=\"item--readmore\"><\/a>\r\n                    <\/div>\r\n                <\/div>\r\n                                <div class=\"grid-sizer col-xl-4 col-lg-4 col-md-4 col-sm-6 col-12\"><\/div>\r\n            <\/div>\r\n        <\/div>\t\t<\/div>\n\t\t\t\t<\/div>\n\t\t\t\t<div class=\"elementor-element elementor-element-0d07699 elementor-align-center elementor-widget elementor-widget-ct_button\" data-id=\"0d07699\" data-element_type=\"widget\" data-widget_type=\"ct_button.default\">\n\t\t\t\t<div class=\"elementor-widget-container\">\n\t\t\t<div id=\"ct_button-0d07699\" class=\"ct-button-wrapper ct-button-layout1 icon- btn--inline\">\r\n    <div class=\"ct-inline-css\"  data-css=\"        \">\r\n    <\/div>\r\n            <span class=\"ct-icon-active\"><\/span>\r\n        <a href=\"https:\/\/sevenstars-call.com\/en\/contact\/\" class=\"btn btn-default icon-active btn-inline-block\" data-wow-delay=\"ms\">\r\n                            <span class=\"ct-button-icon ct-align-icon-\">\r\n                            <\/span>\r\n                <span class=\"ct-button-text\">Contact us<\/span>\r\n    <\/a>\r\n<\/div>\t\t<\/div>\n\t\t\t\t<\/div>\n\t\t            <\/div>\n        <\/div>\n                            <\/div>\n        <\/section>\n                <section class=\"elementor-section elementor-top-section elementor-element elementor-element-6a50ed4 elementor-section-boxed elementor-section-height-default elementor-section-height-default ct-header-fixed-none ct-row-max-none\" data-id=\"6a50ed4\" data-element_type=\"section\">\n            \n                        <div class=\"elementor-container elementor-column-gap-extended\">\n                    <div class=\"elementor-column elementor-col-100 elementor-top-column elementor-element elementor-element-26c4891f\" data-id=\"26c4891f\" data-element_type=\"column\">\n            <div class=\"elementor-widget-wrap elementor-element-populated\">\n                        \t\t<div class=\"elementor-element elementor-element-6cbd01b9 elementor-widget elementor-widget-ct_clients_list\" data-id=\"6cbd01b9\" data-element_type=\"widget\" data-widget_type=\"ct_clients_list.default\">\n\t\t\t\t<div class=\"elementor-widget-container\">\n\t\t\t    <div class=\"ct-client1 ct-slick-slider style1\">\r\n        <div class=\"ct-clients-list-inner\">\r\n            <div class=\"ct-slick-carousel\" data-arrows=\"\" data-dots=\"\" data-pauseonhover=\"\" data-autoplay=\"true\" data-autoplayspeed=\"8000\" data-infinite=\"true\" data-speed=\"800\" data-colxs=\"2\" data-colsm=\"3\" data-colmd=\"4\" data-collg=\"4\" data-colxl=\"4\" data-dir=\"false\" data-slidestoscroll=\"1\">\r\n                                        <div class=\"slick-slide\">\r\n                            <div class=\"client-image wow zoomIn\">\r\n                                <a href=\"#\">\r\n                                    <img decoding=\"async\" width=\"169\" height=\"35\" src=\"https:\/\/sevenstars-call.com\/wp-content\/uploads\/2019\/11\/client-01.png\" class=\"ct-thumb-1 attachment-full\" alt=\"\" \/>                                                                    <\/a>\r\n                            <\/div>\r\n                        <\/div>\r\n                                                            <div class=\"slick-slide\">\r\n                            <div class=\"client-image wow zoomIn\">\r\n                                <a href=\"#\">\r\n                                    <img decoding=\"async\" width=\"143\" height=\"42\" src=\"https:\/\/sevenstars-call.com\/wp-content\/uploads\/2019\/11\/client-02.png\" class=\"ct-thumb-1 attachment-full\" alt=\"\" \/>                                                                    <\/a>\r\n                            <\/div>\r\n                        <\/div>\r\n                                                            <div class=\"slick-slide\">\r\n                            <div class=\"client-image wow zoomIn\">\r\n                                <a href=\"#\">\r\n                                    <img decoding=\"async\" width=\"166\" height=\"38\" src=\"https:\/\/sevenstars-call.com\/wp-content\/uploads\/2019\/11\/client-03.png\" class=\"ct-thumb-1 attachment-full\" alt=\"\" \/>                                                                    <\/a>\r\n                            <\/div>\r\n                        <\/div>\r\n                                                            <div class=\"slick-slide\">\r\n                            <div class=\"client-image wow zoomIn\">\r\n                                <a href=\"#\">\r\n                                    <img decoding=\"async\" width=\"170\" height=\"35\" src=\"https:\/\/sevenstars-call.com\/wp-content\/uploads\/2019\/11\/client-04.png\" class=\"ct-thumb-1 attachment-full\" alt=\"\" \/>                                                                    <\/a>\r\n                            <\/div>\r\n                        <\/div>\r\n                                                            <div class=\"slick-slide\">\r\n                            <div class=\"client-image wow zoomIn\">\r\n                                <a href=\"#\">\r\n                                    <img decoding=\"async\" width=\"196\" height=\"36\" src=\"https:\/\/sevenstars-call.com\/wp-content\/uploads\/2019\/12\/client-05.png\" class=\"ct-thumb-1 attachment-full\" alt=\"\" \/>                                                                    <\/a>\r\n                            <\/div>\r\n                        <\/div>\r\n                                                <\/div>\r\n        <\/div>\r\n    <\/div>\r\n\t\t<\/div>\n\t\t\t\t<\/div>\n\t\t            <\/div>\n        <\/div>\n                            <\/div>\n        <\/section>\n        \t\t\t\t\t<\/div>","protected":false},"excerpt":{"rendered":"<p>Branchen, in denen wir t\u00e4tig sind E-Commerce Kundenservice und Bestellannahme f\u00fcr Online-Shops und E-Commerce-Unternehmen. Telekommunikation Technischer Support, Rechnungsfragen und Kundenbetreuung f\u00fcr Telekommunikationsunternehmen. Gesundheitswesen Terminvereinbarung, Patientenbetreuung und Beratungsdienste f\u00fcr medizinische Einrichtungen. Finanzdienstleistungen Kreditkartensupport, Anfragen zu Bankdienstleistungen und Versicherungsberatung. Technologie Technischer Support, Produktinformationen und Verkaufsunterst\u00fctzung f\u00fcr Unternehmen der Technologiebranche. Kontakt<\/p>","protected":false},"author":1,"featured_media":9220,"parent":0,"menu_order":0,"comment_status":"closed","ping_status":"closed","template":"","meta":{"footnotes":""},"class_list":["post-7948","page","type-page","status-publish","has-post-thumbnail","hentry"],"_links":{"self":[{"href":"https:\/\/sevenstars-call.com\/en\/wp-json\/wp\/v2\/pages\/7948","targetHints":{"allow":["GET"]}}],"collection":[{"href":"https:\/\/sevenstars-call.com\/en\/wp-json\/wp\/v2\/pages"}],"about":[{"href":"https:\/\/sevenstars-call.com\/en\/wp-json\/wp\/v2\/types\/page"}],"author":[{"embeddable":true,"href":"https:\/\/sevenstars-call.com\/en\/wp-json\/wp\/v2\/users\/1"}],"replies":[{"embeddable":true,"href":"https:\/\/sevenstars-call.com\/en\/wp-json\/wp\/v2\/comments?post=7948"}],"version-history":[{"count":7,"href":"https:\/\/sevenstars-call.com\/en\/wp-json\/wp\/v2\/pages\/7948\/revisions"}],"predecessor-version":[{"id":8255,"href":"https:\/\/sevenstars-call.com\/en\/wp-json\/wp\/v2\/pages\/7948\/revisions\/8255"}],"wp:featuredmedia":[{"embeddable":true,"href":"https:\/\/sevenstars-call.com\/en\/wp-json\/wp\/v2\/media\/9220"}],"wp:attachment":[{"href":"https:\/\/sevenstars-call.com\/en\/wp-json\/wp\/v2\/media?parent=7948"}],"curies":[{"name":"wp","href":"https:\/\/api.w.org\/{rel}","templated":true}]}}