{"id":1972,"date":"2019-12-05T08:34:53","date_gmt":"2019-12-05T08:34:53","guid":{"rendered":"https:\/\/demo.casethemes.net\/consultio\/?page_id=1972"},"modified":"2023-08-16T09:04:01","modified_gmt":"2023-08-16T09:04:01","slug":"careers","status":"publish","type":"page","link":"https:\/\/sevenstars-call.com\/fr\/careers\/","title":{"rendered":"Carri\u00e8re"},"content":{"rendered":"<div data-elementor-type=\"wp-page\" data-elementor-id=\"1972\" class=\"elementor elementor-1972\">\n\t\t\t\t\t\t\t        <section class=\"elementor-section elementor-top-section elementor-element elementor-element-68c872 elementor-section-content-middle elementor-section-boxed elementor-section-height-default elementor-section-height-default ct-header-fixed-none ct-row-max-none\" data-id=\"68c872\" data-element_type=\"section\">\n            \n                        <div class=\"elementor-container elementor-column-gap-extended\">\n                    <div class=\"elementor-column elementor-col-50 elementor-top-column elementor-element elementor-element-553856d0\" data-id=\"553856d0\" data-element_type=\"column\">\n            <div class=\"elementor-widget-wrap elementor-element-populated\">\n                        \t\t<div class=\"elementor-element elementor-element-4b6cccf6 elementor-widget elementor-widget-ct_heading\" data-id=\"4b6cccf6\" data-element_type=\"widget\" data-widget_type=\"ct_heading.default\">\n\t\t\t\t<div class=\"elementor-widget-container\">\n\t\t\t<div id=\"ct_heading-4b6cccf6\" class=\"ct-heading h-align- sub-style1 ct-heading-left item-st-default\">\r\n\t<div class=\"ct-item--inner\">\r\n        <div class=\"ct-inline-css\"  data-css=\"            \">\r\n        <\/div>\r\n            \t\t<div class=\"item--sub-title style1 show-line\">\r\n                                Carri\u00e8re                                                            <\/div>\r\n    \t        <h3 class=\"item--title st-default case-animate-time\" data-wow-delay=\"ms\">\r\n                        <span class=\"sp-main\">\r\n                \r\n                Opportunit\u00e9s de carri\u00e8re chez <br>7 Stars-call - Cr\u00e9ez ensemble un excellent service client.\r\n                \r\n                            <\/span>\r\n                    <\/h3>\r\n    <\/div>\r\n<\/div>\t\t<\/div>\n\t\t\t\t<\/div>\n\t\t            <\/div>\n        <\/div>\n                <div class=\"elementor-column elementor-col-50 elementor-top-column elementor-element elementor-element-7bfd02a3\" data-id=\"7bfd02a3\" data-element_type=\"column\">\n            <div class=\"elementor-widget-wrap elementor-element-populated\">\n                        \t\t<div class=\"elementor-element elementor-element-4ec2a151 elementor-widget elementor-widget-text-editor\" data-id=\"4ec2a151\" data-element_type=\"widget\" data-widget_type=\"text-editor.default\">\n\t\t\t\t<div class=\"elementor-widget-container\">\n\t\t\t<style>\/*! elementor - v3.15.0 - 09-08-2023 *\/\n.elementor-widget-text-editor.elementor-drop-cap-view-stacked .elementor-drop-cap{background-color:#69727d;color:#fff}.elementor-widget-text-editor.elementor-drop-cap-view-framed .elementor-drop-cap{color:#69727d;border:3px solid;background-color:transparent}.elementor-widget-text-editor:not(.elementor-drop-cap-view-default) .elementor-drop-cap{margin-top:8px}.elementor-widget-text-editor:not(.elementor-drop-cap-view-default) .elementor-drop-cap-letter{width:1em;height:1em}.elementor-widget-text-editor .elementor-drop-cap{float:left;text-align:center;line-height:1;font-size:50px}.elementor-widget-text-editor .elementor-drop-cap-letter{display:inline-block}<\/style>\t\t\t\t<p>D\u00e9couvrez des opportunit\u00e9s professionnelles passionnantes et rejoignez notre \u00e9quipe d\u00e9di\u00e9e. Chez 7 Stars-call, nous offrons un environnement de travail inspirant, des opportunit\u00e9s de d\u00e9veloppement et une opportunit\u00e9 unique de cr\u00e9er et d\u2019am\u00e9liorer en permanence un service client de premier ordre.<\/p>\t\t\t\t\t\t<\/div>\n\t\t\t\t<\/div>\n\t\t            <\/div>\n        <\/div>\n                            <\/div>\n        <\/section>\n                <section class=\"elementor-section elementor-top-section elementor-element elementor-element-5f8a622 elementor-section-boxed elementor-section-height-default elementor-section-height-default ct-header-fixed-none ct-row-max-none\" data-id=\"5f8a622\" data-element_type=\"section\">\n            \n                        <div class=\"elementor-container elementor-column-gap-extended\">\n                    <div class=\"elementor-column elementor-col-100 elementor-top-column elementor-element elementor-element-ea0c095\" data-id=\"ea0c095\" data-element_type=\"column\">\n            <div class=\"elementor-widget-wrap elementor-element-populated\">\n                        \t\t<div class=\"elementor-element elementor-element-7bf4992 elementor-widget elementor-widget-ct_career_grid\" data-id=\"7bf4992\" data-element_type=\"widget\" data-widget_type=\"ct_career_grid.default\">\n\t\t\t\t<div class=\"elementor-widget-container\">\n\t\t\t    <div class=\"ct-grid ct-career-grid1\">\r\n        <div class=\"ct-grid-inner ct-grid-masonry row animate-time\" data-gutter=\"7\">\r\n                            <div class=\"grid-item col-xl-4 col-lg-4 col-md-6 col-sm-6 col-12\">\r\n                    <div class=\"item--inner wow fadeInUp\">\r\n                        <div class=\"item--holder\">\r\n                        \t                                <div class=\"item--image\">\r\n                                    <a href=\"#\"><img decoding=\"async\" width=\"150\" height=\"150\" src=\"https:\/\/sevenstars-call.com\/wp-content\/uploads\/2023\/07\/seven-icon-150x150.png\" class=\"disable-lazy attachment-thumbnail\" alt=\"\" \/><\/a>\r\n                                <\/div>\r\n                                                        <div class=\"item--meta\">\r\n                                <h3 class=\"item--title\">    \r\n                                    Agent centre d'appel - Fran\u00e7ais                                <\/h3>\r\n                                <ul class=\"item--feature\">\r\n                                                                                <li><i class=\"fa fa-paperclip\"><\/i>7 Stars-Call<\/li>\r\n                                                                                    <li><i class=\"fa fa-user\"><\/i>Admin<\/li>\r\n                                                                                    <li><i class=\"fa fa-map-marker\"><\/i>Akouda, Sousse<\/li>\r\n                                                                                    <li><i class=\"fa fa-life-ring\"><\/i>Plein temps<\/li>\r\n                                                                        <\/ul>\r\n                            <\/div>\r\n                        <\/div>\r\n                        <div class=\"item-desc\">Au prochain moment possible, nous recherchons pour notre Call Center 7 Stars- Call Agents francophones (h\/f).<\/div>\r\n                                                    <div class=\"item--button\">\r\n                                <a class=\"btn btn-secondary\" href=\"#\"><i class=\"fac fac-arrow-circle-right space-right\"><\/i>Apply now<\/a>\r\n                            <\/div>\r\n                                           <\/div>\r\n                <\/div>\r\n                            <div class=\"grid-item col-xl-4 col-lg-4 col-md-6 col-sm-6 col-12\">\r\n                    <div class=\"item--inner wow fadeInUp\">\r\n                        <div class=\"item--holder\">\r\n                        \t                                <div class=\"item--image\">\r\n                                    <a href=\"#\"><img decoding=\"async\" width=\"150\" height=\"150\" src=\"https:\/\/sevenstars-call.com\/wp-content\/uploads\/2023\/07\/seven-icon-150x150.png\" class=\"disable-lazy attachment-thumbnail\" alt=\"\" \/><\/a>\r\n                                <\/div>\r\n                                                        <div class=\"item--meta\">\r\n                                <h3 class=\"item--title\">    \r\n                                    Agent centre d'appel - Anglais                                <\/h3>\r\n                                <ul class=\"item--feature\">\r\n                                                                                <li><i class=\"fa fa-paperclip\"><\/i>7 Stars-Call<\/li>\r\n                                                                                    <li><i class=\"fa fa-user\"><\/i>Admin<\/li>\r\n                                                                                    <li><i class=\"fa fa-map-marker\"><\/i>Akouda, Sousse<\/li>\r\n                                                                                    <li><i class=\"fa fa-life-ring\"><\/i>Plein temps<\/li>\r\n                                                                        <\/ul>\r\n                            <\/div>\r\n                        <\/div>\r\n                        <div class=\"item-desc\">Nous recherchons des agents de centres d\u2019appels anglophones (h\/f) pour notre centre d\u2019appels 7 Stars.<\/div>\r\n                                                    <div class=\"item--button\">\r\n                                <a class=\"btn btn-secondary\" href=\"#\"><i class=\"fac fac-arrow-circle-right space-right\"><\/i>Apply now<\/a>\r\n                            <\/div>\r\n                                           <\/div>\r\n                <\/div>\r\n                            <div class=\"grid-item col-xl-4 col-lg-4 col-md-6 col-sm-6 col-12\">\r\n                    <div class=\"item--inner wow fadeInUp\">\r\n                        <div class=\"item--holder\">\r\n                        \t                                <div class=\"item--image\">\r\n                                    <a href=\"#\"><img decoding=\"async\" width=\"150\" height=\"150\" src=\"https:\/\/sevenstars-call.com\/wp-content\/uploads\/2023\/07\/seven-icon-2-150x150.png\" class=\"disable-lazy attachment-thumbnail\" alt=\"\" \/><\/a>\r\n                                <\/div>\r\n                                                        <div class=\"item--meta\">\r\n                                <h3 class=\"item--title\">    \r\n                                    Agent centre d'appel - Allemand                                <\/h3>\r\n                                <ul class=\"item--feature\">\r\n                                                                                <li><i class=\"fa fa-paperclip\"><\/i>7 Stars-Call<\/li>\r\n                                                                                    <li><i class=\"fa fa-user\"><\/i>Admin<\/li>\r\n                                                                                    <li><i class=\"fa fa-map-marker\"><\/i>Akouda, Sousse<\/li>\r\n                                                                                    <li><i class=\"fa fa-life-ring\"><\/i>Plein temps<\/li>\r\n                                                                        <\/ul>\r\n                            <\/div>\r\n                        <\/div>\r\n                        <div class=\"item-desc\">Au prochain moment possible, nous recherchons pour notre Call Center 7 Stars- Call- Agents de centre d\u2019appels en allemand (h\/f).<\/div>\r\n                                                    <div class=\"item--button\">\r\n                                <a class=\"btn btn-secondary\" href=\"#\"><i class=\"fac fac-arrow-circle-right space-right\"><\/i>Apply now<\/a>\r\n                            <\/div>\r\n                                           <\/div>\r\n                <\/div>\r\n                        <div class=\"grid-sizer col-xl-4 col-lg-4 col-md-6 col-sm-6 col-12\"><\/div>\r\n        <\/div>\r\n    <\/div>\r\n\t\t<\/div>\n\t\t\t\t<\/div>\n\t\t            <\/div>\n        <\/div>\n                            <\/div>\n        <\/section>\n                <section class=\"elementor-section elementor-top-section elementor-element elementor-element-380c36d3 elementor-section-boxed elementor-section-height-default elementor-section-height-default ct-header-fixed-none ct-row-max-none\" data-id=\"380c36d3\" data-element_type=\"section\">\n            \n                        <div class=\"elementor-container elementor-column-gap-extended\">\n                    <div class=\"elementor-column elementor-col-100 elementor-top-column elementor-element elementor-element-610f6d59\" data-id=\"610f6d59\" data-element_type=\"column\">\n            <div class=\"elementor-widget-wrap elementor-element-populated\">\n                        \t\t<div class=\"elementor-element elementor-element-379456c7 elementor-widget elementor-widget-ct_clients_list\" data-id=\"379456c7\" data-element_type=\"widget\" data-widget_type=\"ct_clients_list.default\">\n\t\t\t\t<div class=\"elementor-widget-container\">\n\t\t\t    <div class=\"ct-client1 ct-slick-slider style1\">\r\n        <div class=\"ct-clients-list-inner\">\r\n            <div class=\"ct-slick-carousel\" data-arrows=\"\" data-dots=\"\" data-pauseonhover=\"\" data-autoplay=\"true\" data-autoplayspeed=\"8000\" data-infinite=\"true\" data-speed=\"800\" data-colxs=\"2\" data-colsm=\"3\" data-colmd=\"4\" data-collg=\"4\" data-colxl=\"4\" data-dir=\"false\" data-slidestoscroll=\"1\">\r\n                                        <div class=\"slick-slide\">\r\n                            <div class=\"client-image wow zoomIn\">\r\n                                <a href=\"#\">\r\n                                    <img decoding=\"async\" width=\"169\" height=\"35\" src=\"https:\/\/sevenstars-call.com\/wp-content\/uploads\/2019\/11\/client-01.png\" class=\"ct-thumb-1 attachment-full\" alt=\"\" \/>                                                                    <\/a>\r\n                            <\/div>\r\n                        <\/div>\r\n                                                            <div class=\"slick-slide\">\r\n                            <div class=\"client-image wow zoomIn\">\r\n                                <a href=\"#\">\r\n                                    <img decoding=\"async\" width=\"143\" height=\"42\" src=\"https:\/\/sevenstars-call.com\/wp-content\/uploads\/2019\/11\/client-02.png\" class=\"ct-thumb-1 attachment-full\" alt=\"\" \/>                                                                    <\/a>\r\n                            <\/div>\r\n                        <\/div>\r\n                                                            <div class=\"slick-slide\">\r\n                            <div class=\"client-image wow zoomIn\">\r\n                                <a href=\"#\">\r\n                                    <img decoding=\"async\" width=\"166\" height=\"38\" src=\"https:\/\/sevenstars-call.com\/wp-content\/uploads\/2019\/11\/client-03.png\" class=\"ct-thumb-1 attachment-full\" alt=\"\" \/>                                                                    <\/a>\r\n                            <\/div>\r\n                        <\/div>\r\n                                                            <div class=\"slick-slide\">\r\n                            <div class=\"client-image wow zoomIn\">\r\n                                <a href=\"#\">\r\n                                    <img decoding=\"async\" width=\"170\" height=\"35\" src=\"https:\/\/sevenstars-call.com\/wp-content\/uploads\/2019\/11\/client-04.png\" class=\"ct-thumb-1 attachment-full\" alt=\"\" \/>                                                                    <\/a>\r\n                            <\/div>\r\n                        <\/div>\r\n                                                            <div class=\"slick-slide\">\r\n                            <div class=\"client-image wow zoomIn\">\r\n                                <a href=\"#\">\r\n                                    <img decoding=\"async\" width=\"196\" height=\"36\" src=\"https:\/\/sevenstars-call.com\/wp-content\/uploads\/2019\/12\/client-05.png\" class=\"ct-thumb-1 attachment-full\" alt=\"\" \/>                                                                    <\/a>\r\n                            <\/div>\r\n                        <\/div>\r\n                                                <\/div>\r\n        <\/div>\r\n    <\/div>\r\n\t\t<\/div>\n\t\t\t\t<\/div>\n\t\t            <\/div>\n        <\/div>\n                            <\/div>\n        <\/section>\n        \t\t\t\t\t<\/div>","protected":false},"excerpt":{"rendered":"<p>Karriere Karrierechancen bei 7 Stars-call &#8211; Gemeinsam exzellenten Kundenservice gestalten. Entdecken Sie spannende berufliche M\u00f6glichkeiten und werden Sie Teil unseres engagierten Teams. Bei 7 Stars-call bieten wir eine inspirierende Arbeitsumgebung, vielf\u00e4ltige Weiterentwicklungsm\u00f6glichkeiten und die einzigartige Chance, erstklassigen Kundenservice zu gestalten und kontinuierlich zu verbessern. Franz\u00f6sischsprachige Call Center Agents 7 Stars-Call Admin Akouda, Sousse Vollzeit Zum [&hellip;]<\/p>","protected":false},"author":1,"featured_media":0,"parent":0,"menu_order":0,"comment_status":"closed","ping_status":"closed","template":"","meta":{"footnotes":""},"class_list":["post-1972","page","type-page","status-publish","hentry"],"_links":{"self":[{"href":"https:\/\/sevenstars-call.com\/fr\/wp-json\/wp\/v2\/pages\/1972","targetHints":{"allow":["GET"]}}],"collection":[{"href":"https:\/\/sevenstars-call.com\/fr\/wp-json\/wp\/v2\/pages"}],"about":[{"href":"https:\/\/sevenstars-call.com\/fr\/wp-json\/wp\/v2\/types\/page"}],"author":[{"embeddable":true,"href":"https:\/\/sevenstars-call.com\/fr\/wp-json\/wp\/v2\/users\/1"}],"replies":[{"embeddable":true,"href":"https:\/\/sevenstars-call.com\/fr\/wp-json\/wp\/v2\/comments?post=1972"}],"version-history":[{"count":47,"href":"https:\/\/sevenstars-call.com\/fr\/wp-json\/wp\/v2\/pages\/1972\/revisions"}],"predecessor-version":[{"id":8879,"href":"https:\/\/sevenstars-call.com\/fr\/wp-json\/wp\/v2\/pages\/1972\/revisions\/8879"}],"wp:attachment":[{"href":"https:\/\/sevenstars-call.com\/fr\/wp-json\/wp\/v2\/media?parent=1972"}],"curies":[{"name":"wp","href":"https:\/\/api.w.org\/{rel}","templated":true}]}}