{"id":28,"date":"2019-10-30T08:05:01","date_gmt":"2019-10-30T08:05:01","guid":{"rendered":"https:\/\/demo.casethemes.net\/consultio\/?page_id=28"},"modified":"2025-12-10T14:43:44","modified_gmt":"2025-12-10T14:43:44","slug":"team","status":"publish","type":"page","link":"https:\/\/sevenstars-call.com\/fr\/team\/","title":{"rendered":"Notre \u00c9quipe"},"content":{"rendered":"<div data-elementor-type=\"wp-page\" data-elementor-id=\"28\" class=\"elementor elementor-28\">\n\t\t\t\t\t\t\t        <section class=\"elementor-section elementor-top-section elementor-element elementor-element-53e9f59 elementor-section-content-middle elementor-section-boxed elementor-section-height-default elementor-section-height-default ct-header-fixed-none ct-row-max-none\" data-id=\"53e9f59\" data-element_type=\"section\">\n            \n                        <div class=\"elementor-container elementor-column-gap-extended\">\n                    <div class=\"elementor-column elementor-col-50 elementor-top-column elementor-element elementor-element-2d122fa\" data-id=\"2d122fa\" data-element_type=\"column\">\n            <div class=\"elementor-widget-wrap elementor-element-populated\">\n                        \t\t<div class=\"elementor-element elementor-element-a1dc510 elementor-widget elementor-widget-ct_heading\" data-id=\"a1dc510\" data-element_type=\"widget\" data-widget_type=\"ct_heading.default\">\n\t\t\t\t<div class=\"elementor-widget-container\">\n\t\t\t<div id=\"ct_heading-a1dc510\" class=\"ct-heading h-align- sub-style1 ct-heading-left item-st-default\">\r\n\t<div class=\"ct-item--inner\">\r\n        <div class=\"ct-inline-css\"  data-css=\"            \">\r\n        <\/div>\r\n            \t\t<div class=\"item--sub-title style1 show-line\">\r\n                                \u00c9quipe                                                            <\/div>\r\n    \t        <h3 class=\"item--title st-default case-animate-time\" data-wow-delay=\"ms\">\r\n                        <span class=\"sp-main\">\r\n                \r\n                Notre \u00e9quipe\u00a0: ensemble pour votre succ\u00e8s.\r\n                \r\n                            <\/span>\r\n                    <\/h3>\r\n    <\/div>\r\n<\/div>\t\t<\/div>\n\t\t\t\t<\/div>\n\t\t            <\/div>\n        <\/div>\n                <div class=\"elementor-column elementor-col-50 elementor-top-column elementor-element elementor-element-603daca\" data-id=\"603daca\" data-element_type=\"column\">\n            <div class=\"elementor-widget-wrap elementor-element-populated\">\n                        \t\t<div class=\"elementor-element elementor-element-3d3ffe8 elementor-widget elementor-widget-text-editor\" data-id=\"3d3ffe8\" data-element_type=\"widget\" data-widget_type=\"text-editor.default\">\n\t\t\t\t<div class=\"elementor-widget-container\">\n\t\t\t<style>\/*! elementor - v3.15.0 - 09-08-2023 *\/\n.elementor-widget-text-editor.elementor-drop-cap-view-stacked .elementor-drop-cap{background-color:#69727d;color:#fff}.elementor-widget-text-editor.elementor-drop-cap-view-framed .elementor-drop-cap{color:#69727d;border:3px solid;background-color:transparent}.elementor-widget-text-editor:not(.elementor-drop-cap-view-default) .elementor-drop-cap{margin-top:8px}.elementor-widget-text-editor:not(.elementor-drop-cap-view-default) .elementor-drop-cap-letter{width:1em;height:1em}.elementor-widget-text-editor .elementor-drop-cap{float:left;text-align:center;line-height:1;font-size:50px}.elementor-widget-text-editor .elementor-drop-cap-letter{display:inline-block}<\/style>\t\t\t\t<p>Rencontrez notre \u00e9quipe d\u00e9vou\u00e9e et nous nous engageons avec passion pour votre succ\u00e8s. Des agents experts dans tous les domaines de service, nous travaillons main dans la main pour atteindre vos objectifs et renforcer votre entreprise.<\/p>\t\t\t\t\t\t<\/div>\n\t\t\t\t<\/div>\n\t\t            <\/div>\n        <\/div>\n                            <\/div>\n        <\/section>\n                <section class=\"elementor-section elementor-top-section elementor-element elementor-element-6dc6244 elementor-section-boxed elementor-section-height-default elementor-section-height-default ct-header-fixed-none ct-row-max-none\" data-id=\"6dc6244\" data-element_type=\"section\">\n            \n                        <div class=\"elementor-container elementor-column-gap-extended\">\n                    <div class=\"elementor-column elementor-col-100 elementor-top-column elementor-element elementor-element-d5aaa1c\" data-id=\"d5aaa1c\" data-element_type=\"column\">\n            <div class=\"elementor-widget-wrap elementor-element-populated\">\n                        \t\t<div class=\"elementor-element elementor-element-88f2e7b elementor-widget elementor-widget-ct_team_grid\" data-id=\"88f2e7b\" data-element_type=\"widget\" data-widget_type=\"ct_team_grid.default\">\n\t\t\t\t<div class=\"elementor-widget-container\">\n\t\t\t    <div class=\"ct-grid ct-team-grid ct-team-grid1 style1\">\r\n        <div class=\"ct-grid-inner ct-grid-masonry row animate-time\" data-gutter=\"7\">\r\n                            <div class=\"grid-item col-xl-3 col-lg-3 col-md-6 col-sm-6 col-12\">\r\n                    <div class=\"item--inner wow fadeInUp\">\r\n                    \t                            <div class=\"item--image\">\r\n                                <a ><img decoding=\"async\" class=\"disable-lazy\" src=\"https:\/\/sevenstars-call.com\/wp-content\/uploads\/2023\/08\/WhatsApp-Image-2023-08-17-at-13.27.52-Copy-100x100.jpg\" width=\"100\" height=\"100\" alt=\"WhatsApp Image 2023-08-17 at 13.27.52 - Copy\" title=\"WhatsApp Image 2023-08-17 at 13.27.52 - Copy\" \/><\/a>\r\n                                <div class=\"item--social\">\r\n                                                                                <a target=\"_blank\" href=\"#\"><i class=\"\"><\/i><\/a>\r\n                                                                        <\/div>\r\n                            <\/div>\r\n                                                <div class=\"item--meta-wrap\">\r\n                            <div class=\"item--meta\">\r\n                            \t<h3 class=\"item--title\">\t\r\n                \t            \tMr\u00a0Abderahmen                \t\t        <\/h3>\r\n                \t\t        <span class=\"item--position\">CEO<\/span>\r\n                                                            <\/div>\r\n                        <\/div>\r\n                   <\/div>\r\n                <\/div>\r\n                            <div class=\"grid-item col-xl-3 col-lg-3 col-md-6 col-sm-6 col-12\">\r\n                    <div class=\"item--inner wow fadeInUp\">\r\n                    \t                            <div class=\"item--image\">\r\n                                <a ><img decoding=\"async\" class=\"disable-lazy\" src=\"https:\/\/sevenstars-call.com\/wp-content\/uploads\/2023\/08\/Nacim1-1-265x3asa-100x100.jpg\" width=\"100\" height=\"100\" alt=\"Nacim1-1-265x3a)sa\" title=\"Nacim1-1-265x3a)sa\" \/><\/a>\r\n                                <div class=\"item--social\">\r\n                                                                                <a target=\"_blank\" href=\"https:\/\/www.linkedin.com\/in\/nacim-dimassi-3888a542\/\"><i class=\"fab fa-linkedin-in\"><\/i><\/a>\r\n                                                                        <\/div>\r\n                            <\/div>\r\n                                                <div class=\"item--meta-wrap\">\r\n                            <div class=\"item--meta\">\r\n                            \t<h3 class=\"item--title\">\t\r\n                \t            \tNacim                \t\t        <\/h3>\r\n                \t\t        <span class=\"item--position\">Business Development & Field Manager<\/span>\r\n                                                            <\/div>\r\n                        <\/div>\r\n                   <\/div>\r\n                <\/div>\r\n                            <div class=\"grid-item col-xl-3 col-lg-3 col-md-6 col-sm-6 col-12\">\r\n                    <div class=\"item--inner wow fadeInUp\">\r\n                    \t                            <div class=\"item--image\">\r\n                                <a ><img decoding=\"async\" class=\"disable-lazy\" src=\"https:\/\/sevenstars-call.com\/wp-content\/uploads\/2025\/12\/IMG_9951-scaled-100x100.jpg\" width=\"100\" height=\"100\" alt=\"IMG_9951\" title=\"IMG_9951\" \/><\/a>\r\n                                <div class=\"item--social\">\r\n                                                                                <a target=\"_blank\" href=\"https:\/\/www.linkedin.com\/\"><i class=\"fab fa-linkedin-in\"><\/i><\/a>\r\n                                                                        <\/div>\r\n                            <\/div>\r\n                                                <div class=\"item--meta-wrap\">\r\n                            <div class=\"item--meta\">\r\n                            \t<h3 class=\"item--title\">\t\r\n                \t            \tSabrine                \t\t        <\/h3>\r\n                \t\t        <span class=\"item--position\">Head of French Departement<\/span>\r\n                                                            <\/div>\r\n                        <\/div>\r\n                   <\/div>\r\n                <\/div>\r\n                        <div class=\"grid-sizer col-xl-3 col-lg-3 col-md-6 col-sm-6 col-12\"><\/div>\r\n        <\/div>\r\n    <\/div>\r\n\t\t<\/div>\n\t\t\t\t<\/div>\n\t\t            <\/div>\n        <\/div>\n                            <\/div>\n        <\/section>\n                <section class=\"elementor-section elementor-top-section elementor-element elementor-element-186df5b5 elementor-section-stretched elementor-section-boxed elementor-section-height-default elementor-section-height-default ct-header-fixed-none ct-row-max-none\" data-id=\"186df5b5\" data-element_type=\"section\" data-settings=\"{&quot;stretch_section&quot;:&quot;section-stretched&quot;,&quot;background_background&quot;:&quot;classic&quot;}\">\n            \n                        <div class=\"elementor-container elementor-column-gap-extended\">\n                    <div class=\"elementor-column elementor-col-100 elementor-top-column elementor-element elementor-element-1f140b8c\" data-id=\"1f140b8c\" data-element_type=\"column\">\n            <div class=\"elementor-widget-wrap elementor-element-populated\">\n                        \t\t<div class=\"elementor-element elementor-element-661063e1 elementor-widget elementor-widget-ct_clients_list\" data-id=\"661063e1\" data-element_type=\"widget\" data-widget_type=\"ct_clients_list.default\">\n\t\t\t\t<div class=\"elementor-widget-container\">\n\t\t\t    <div class=\"ct-client1 ct-slick-slider style1\">\r\n        <div class=\"ct-clients-list-inner\">\r\n            <div class=\"ct-slick-carousel\" data-arrows=\"\" data-dots=\"\" data-pauseonhover=\"\" data-autoplay=\"true\" data-autoplayspeed=\"8000\" data-infinite=\"true\" data-speed=\"800\" data-colxs=\"2\" data-colsm=\"3\" data-colmd=\"4\" data-collg=\"4\" data-colxl=\"4\" data-dir=\"false\" data-slidestoscroll=\"1\">\r\n                                        <div class=\"slick-slide\">\r\n                            <div class=\"client-image wow zoomIn\">\r\n                                <a href=\"#\">\r\n                                    <img decoding=\"async\" width=\"169\" height=\"35\" src=\"https:\/\/sevenstars-call.com\/wp-content\/uploads\/2019\/11\/client-01.png\" class=\"ct-thumb-1 attachment-full\" alt=\"\" \/>                                                                    <\/a>\r\n                            <\/div>\r\n                        <\/div>\r\n                                                            <div class=\"slick-slide\">\r\n                            <div class=\"client-image wow zoomIn\">\r\n                                <a href=\"#\">\r\n                                    <img decoding=\"async\" width=\"143\" height=\"42\" src=\"https:\/\/sevenstars-call.com\/wp-content\/uploads\/2019\/11\/client-02.png\" class=\"ct-thumb-1 attachment-full\" alt=\"\" \/>                                                                    <\/a>\r\n                            <\/div>\r\n                        <\/div>\r\n                                                            <div class=\"slick-slide\">\r\n                            <div class=\"client-image wow zoomIn\">\r\n                                <a href=\"#\">\r\n                                    <img decoding=\"async\" width=\"166\" height=\"38\" src=\"https:\/\/sevenstars-call.com\/wp-content\/uploads\/2019\/11\/client-03.png\" class=\"ct-thumb-1 attachment-full\" alt=\"\" \/>                                                                    <\/a>\r\n                            <\/div>\r\n                        <\/div>\r\n                                                            <div class=\"slick-slide\">\r\n                            <div class=\"client-image wow zoomIn\">\r\n                                <a href=\"#\">\r\n                                    <img decoding=\"async\" width=\"170\" height=\"35\" src=\"https:\/\/sevenstars-call.com\/wp-content\/uploads\/2019\/11\/client-04.png\" class=\"ct-thumb-1 attachment-full\" alt=\"\" \/>                                                                    <\/a>\r\n                            <\/div>\r\n                        <\/div>\r\n                                                            <div class=\"slick-slide\">\r\n                            <div class=\"client-image wow zoomIn\">\r\n                                <a href=\"#\">\r\n                                    <img decoding=\"async\" width=\"196\" height=\"36\" src=\"https:\/\/sevenstars-call.com\/wp-content\/uploads\/2019\/12\/client-05.png\" class=\"ct-thumb-1 attachment-full\" alt=\"\" \/>                                                                    <\/a>\r\n                            <\/div>\r\n                        <\/div>\r\n                                                <\/div>\r\n        <\/div>\r\n    <\/div>\r\n\t\t<\/div>\n\t\t\t\t<\/div>\n\t\t            <\/div>\n        <\/div>\n                            <\/div>\n        <\/section>\n        \t\t\t\t\t<\/div>","protected":false},"excerpt":{"rendered":"<p>Team Unser Team: Gemeinsam f\u00fcr Ihren Erfolg. Lernen Sie unser engagiertes Team kennen. Wir setzen uns mit Leidenschaft f\u00fcr Ihren Erfolg ein. Von Inbound- und Outbound-Agenten bis hin zu Experten in allen Servicebereichen arbeiten wir Hand in Hand, um Ihre Ziele zu erreichen und Ihr Unternehmen\u00a0zu\u00a0st\u00e4rken. Mr\u00a0Abderahmen CEO Nacim Business Development &#038; Field Manager Sabrine [&hellip;]<\/p>","protected":false},"author":1,"featured_media":0,"parent":0,"menu_order":0,"comment_status":"closed","ping_status":"closed","template":"","meta":{"footnotes":""},"class_list":["post-28","page","type-page","status-publish","hentry"],"_links":{"self":[{"href":"https:\/\/sevenstars-call.com\/fr\/wp-json\/wp\/v2\/pages\/28","targetHints":{"allow":["GET"]}}],"collection":[{"href":"https:\/\/sevenstars-call.com\/fr\/wp-json\/wp\/v2\/pages"}],"about":[{"href":"https:\/\/sevenstars-call.com\/fr\/wp-json\/wp\/v2\/types\/page"}],"author":[{"embeddable":true,"href":"https:\/\/sevenstars-call.com\/fr\/wp-json\/wp\/v2\/users\/1"}],"replies":[{"embeddable":true,"href":"https:\/\/sevenstars-call.com\/fr\/wp-json\/wp\/v2\/comments?post=28"}],"version-history":[{"count":42,"href":"https:\/\/sevenstars-call.com\/fr\/wp-json\/wp\/v2\/pages\/28\/revisions"}],"predecessor-version":[{"id":9023,"href":"https:\/\/sevenstars-call.com\/fr\/wp-json\/wp\/v2\/pages\/28\/revisions\/9023"}],"wp:attachment":[{"href":"https:\/\/sevenstars-call.com\/fr\/wp-json\/wp\/v2\/media?parent=28"}],"curies":[{"name":"wp","href":"https:\/\/api.w.org\/{rel}","templated":true}]}}