{"id":407,"date":"2019-11-11T08:33:51","date_gmt":"2019-11-11T08:33:51","guid":{"rendered":"https:\/\/demo.casethemes.net\/consultio\/?page_id=407"},"modified":"2025-12-20T09:11:32","modified_gmt":"2025-12-20T09:11:32","slug":"services","status":"publish","type":"page","link":"https:\/\/sevenstars-call.com\/fr\/services\/","title":{"rendered":"Services"},"content":{"rendered":"<div data-elementor-type=\"wp-page\" data-elementor-id=\"407\" class=\"elementor elementor-407\">\n\t\t\t\t\t\t\t        <section class=\"elementor-section elementor-top-section elementor-element elementor-element-f019bad elementor-section-content-middle elementor-section-boxed elementor-section-height-default elementor-section-height-default ct-header-fixed-none ct-row-max-none\" data-id=\"f019bad\" data-element_type=\"section\">\n            \n                        <div class=\"elementor-container elementor-column-gap-extended\">\n                    <div class=\"elementor-column elementor-col-50 elementor-top-column elementor-element elementor-element-5ce29c2\" data-id=\"5ce29c2\" data-element_type=\"column\">\n            <div class=\"elementor-widget-wrap elementor-element-populated\">\n                        \t\t<div class=\"elementor-element elementor-element-d3b6aca elementor-widget elementor-widget-ct_heading\" data-id=\"d3b6aca\" data-element_type=\"widget\" data-widget_type=\"ct_heading.default\">\n\t\t\t\t<div class=\"elementor-widget-container\">\n\t\t\t<div id=\"ct_heading-d3b6aca\" class=\"ct-heading h-align- sub-style1 ct-heading-left item-st-default\">\r\n\t<div class=\"ct-item--inner\">\r\n        <div class=\"ct-inline-css\"  data-css=\"            \">\r\n        <\/div>\r\n            \t\t<div class=\"item--sub-title style1 show-line\">\r\n                                Services                                                            <\/div>\r\n    \t        <h3 class=\"item--title st-default case-animate-time\" data-wow-delay=\"ms\">\r\n                        <span class=\"sp-main\">\r\n                \r\n                Nos services\u00a0: Grande succ\u00e8s gr\u00e2ce \u00e0 un excellent service \u00e0 la client\u00e8le\r\n                \r\n                            <\/span>\r\n                    <\/h3>\r\n    <\/div>\r\n<\/div>\t\t<\/div>\n\t\t\t\t<\/div>\n\t\t            <\/div>\n        <\/div>\n                <div class=\"elementor-column elementor-col-50 elementor-top-column elementor-element elementor-element-877c444\" data-id=\"877c444\" data-element_type=\"column\">\n            <div class=\"elementor-widget-wrap elementor-element-populated\">\n                        \t\t<div class=\"elementor-element elementor-element-8a619a7 elementor-widget elementor-widget-text-editor\" data-id=\"8a619a7\" data-element_type=\"widget\" data-widget_type=\"text-editor.default\">\n\t\t\t\t<div class=\"elementor-widget-container\">\n\t\t\t<style>\/*! elementor - v3.15.0 - 09-08-2023 *\/\n.elementor-widget-text-editor.elementor-drop-cap-view-stacked .elementor-drop-cap{background-color:#69727d;color:#fff}.elementor-widget-text-editor.elementor-drop-cap-view-framed .elementor-drop-cap{color:#69727d;border:3px solid;background-color:transparent}.elementor-widget-text-editor:not(.elementor-drop-cap-view-default) .elementor-drop-cap{margin-top:8px}.elementor-widget-text-editor:not(.elementor-drop-cap-view-default) .elementor-drop-cap-letter{width:1em;height:1em}.elementor-widget-text-editor .elementor-drop-cap{float:left;text-align:center;line-height:1;font-size:50px}.elementor-widget-text-editor .elementor-drop-cap-letter{display:inline-block}<\/style>\t\t\t\t<p>Afin d\u2019am\u00e9liorer la satisfaction de vos clients et votre succ\u00e8s commercial, nous vous proposons une large gamme de services. Nous sommes votre partenaire de confiance pour les services entrants et sortants, les rendez-vous, le service client et les sondages de march\u00e9 et d\u2019opinion<\/p>\t\t\t\t\t\t<\/div>\n\t\t\t\t<\/div>\n\t\t            <\/div>\n        <\/div>\n                            <\/div>\n        <\/section>\n                <section class=\"elementor-section elementor-top-section elementor-element elementor-element-7d640f1 elementor-section-boxed elementor-section-height-default elementor-section-height-default ct-header-fixed-none ct-row-max-none\" data-id=\"7d640f1\" data-element_type=\"section\">\n            \n                        <div class=\"elementor-container elementor-column-gap-extended\">\n                    <div class=\"elementor-column elementor-col-100 elementor-top-column elementor-element elementor-element-1e2ce89\" data-id=\"1e2ce89\" data-element_type=\"column\">\n            <div class=\"elementor-widget-wrap elementor-element-populated\">\n                        \t\t<div class=\"elementor-element elementor-element-16d5b63 elementor-widget elementor-widget-ct_service_grid\" data-id=\"16d5b63\" data-element_type=\"widget\" data-widget_type=\"ct_service_grid.default\">\n\t\t\t\t<div class=\"elementor-widget-container\">\n\t\t\t\r\n<div id=\"ct_service_grid-16d5b63\" class=\"ct-grid ct-service-grid1\" data-layout=\"masonry\" data-start-page=\"1\" data-max-pages=\"1\" data-total=\"5\" data-perpage=\"5\" data-next-link=\"\">\r\n    <div class=\"ct-grid-overlay\"><\/div>\r\n    \r\n    <div class=\"ct-grid-inner ct-grid-masonry row animate-time\" data-gutter=\"15\">\r\n                            <div class=\"grid-item col-xl-4 col-lg-4 col-md-6 col-sm-6 col-12 consultant\">\r\n                        <div class=\"grid-item-inner wow fadeIn active-featured\">\r\n                            <div class=\"grid-item-over\">\r\n                                <div class=\"item--featured\">\r\n                                    <img decoding=\"async\" class=\"disable-lazy no-lazyload\" src=\"https:\/\/sevenstars-call.com\/wp-content\/uploads\/2025\/12\/IMG_0048-scaled-541x600.jpg\" width=\"541\" height=\"600\" alt=\"IMG_0048\" title=\"IMG_0048\" \/>                                <\/div>\r\n                                <div class=\"item--holder\">\r\n                                    <div class=\"item--holder-inner\">\r\n                                                                                    <div class=\"item--icon\"><i class=\"text-gradient flaticon-phone-call\"><\/i><\/div>\r\n                                        \r\n                                                                                                                            <h3 class=\"item--title\">R\u00e9ception d'appels<\/h3>\r\n                                                                                <div class=\"item--gap\"><\/div>\r\n                                                                                    <div class=\"item--content\">\r\n                                                Kundenbetreuung mal anders \u2013 unser Inbound-Team ist unschlagbar! Wir k\u00fcmmern uns mit Hingabe um alle eingehenden Anrufe, betreuen Ihre Kunden mit Herz und Verstand und\u2026                                            <\/div>\r\n                                                                                                                            <div class=\"item--icon-abs\"><i class=\"text-gradient flaticon-phone-call\"><\/i><\/div>\r\n                                                                            <\/div>\r\n                                <\/div>\r\n                                <div class=\"item--meta\">\r\n                                                                            <h3 class=\"item--title\">\r\n                                                                                            <a href=\"https:\/\/sevenstars-call.com\/fr\/service\/inbound\/\">R\u00e9ception d'appels<\/a>\r\n                                                                                    <\/h3>\r\n                                                                                                                <div class=\"item--readmore\">\r\n                                                                                            <a class=\"more-plus\" href=\"https:\/\/sevenstars-call.com\/fr\/service\/inbound\/\">+<\/a>\r\n                                                                                    <\/div>\r\n                                                                                                        <\/div>\r\n                            <\/div>\r\n                        <\/div>\r\n                    <\/div>\r\n                                <div class=\"grid-item col-xl-4 col-lg-4 col-md-6 col-sm-6 col-12 consultant\">\r\n                        <div class=\"grid-item-inner wow fadeIn active-featured\">\r\n                            <div class=\"grid-item-over\">\r\n                                <div class=\"item--featured\">\r\n                                    <img decoding=\"async\" class=\"disable-lazy no-lazyload\" src=\"https:\/\/sevenstars-call.com\/wp-content\/uploads\/2019\/11\/IMG_0074-scaled-541x600.jpg\" width=\"541\" height=\"600\" alt=\"IMG_0074\" title=\"IMG_0074\" \/>                                <\/div>\r\n                                <div class=\"item--holder\">\r\n                                    <div class=\"item--holder-inner\">\r\n                                        \r\n                                                                                                                            <h3 class=\"item--title\">Emission d'appels<\/h3>\r\n                                                                                <div class=\"item--gap\"><\/div>\r\n                                                                                    <div class=\"item--content\">\r\n                                                Genau wie jedes andere Call Center sind wir echte Profis darin, Ihren Vertrieb aufzubauen, Leadgenerierung zu betreiben und neue Projekte telefonisch anzugehen. Haben wir Ihr\u2026                                            <\/div>\r\n                                                                                                                            <div class=\"item--icon-abs\"><i class=\"text-gradient fa fa-volume-control-phone\"><\/i><\/div>\r\n                                                                            <\/div>\r\n                                <\/div>\r\n                                <div class=\"item--meta\">\r\n                                                                            <h3 class=\"item--title\">\r\n                                                                                            <a href=\"https:\/\/sevenstars-call.com\/fr\/service\/outbound\/\">Emission d'appels<\/a>\r\n                                                                                    <\/h3>\r\n                                                                                                                <div class=\"item--readmore\">\r\n                                                                                            <a class=\"more-plus\" href=\"https:\/\/sevenstars-call.com\/fr\/service\/outbound\/\">+<\/a>\r\n                                                                                    <\/div>\r\n                                                                                                        <\/div>\r\n                            <\/div>\r\n                        <\/div>\r\n                    <\/div>\r\n                                <div class=\"grid-item col-xl-4 col-lg-4 col-md-6 col-sm-6 col-12 consultant\">\r\n                        <div class=\"grid-item-inner wow fadeIn active-featured\">\r\n                            <div class=\"grid-item-over\">\r\n                                <div class=\"item--featured\">\r\n                                    <img decoding=\"async\" class=\"disable-lazy no-lazyload\" src=\"https:\/\/sevenstars-call.com\/wp-content\/uploads\/2019\/11\/IMG_9913-2-scaled-541x600.jpg\" width=\"541\" height=\"600\" alt=\"Inbound german call center tunisia\" title=\"IMG_9913-2\" \/>                                <\/div>\r\n                                <div class=\"item--holder\">\r\n                                    <div class=\"item--holder-inner\">\r\n                                                                                    <div class=\"item--icon\"><i class=\"text-gradient flaticon-chart-1\"><\/i><\/div>\r\n                                        \r\n                                                                                                                            <h3 class=\"item--title\">Prise de Rendez-vous<\/h3>\r\n                                                                                <div class=\"item--gap\"><\/div>\r\n                                                                                    <div class=\"item--content\">\r\n                                                Unsere Terminplanungs-Services erm\u00f6glichen es Ihnen, Ihre Termine effizient zu verwalten und zu organisieren. Wir \u00fcbernehmen die Terminvereinbarung, -verfolgung und -erinnerung, sodass Sie sich auf Ihr\u2026                                            <\/div>\r\n                                                                                                                            <div class=\"item--icon-abs\"><i class=\"text-gradient flaticon-chart-1\"><\/i><\/div>\r\n                                                                            <\/div>\r\n                                <\/div>\r\n                                <div class=\"item--meta\">\r\n                                                                            <h3 class=\"item--title\">\r\n                                                                                            <a href=\"https:\/\/sevenstars-call.com\/fr\/service\/terminvereinbarung\/\">Prise de Rendez-vous<\/a>\r\n                                                                                    <\/h3>\r\n                                                                                                                <div class=\"item--readmore\">\r\n                                                                                            <a class=\"more-plus\" href=\"https:\/\/sevenstars-call.com\/fr\/service\/terminvereinbarung\/\">+<\/a>\r\n                                                                                    <\/div>\r\n                                                                                                        <\/div>\r\n                            <\/div>\r\n                        <\/div>\r\n                    <\/div>\r\n                                <div class=\"grid-item col-xl-4 col-lg-4 col-md-6 col-sm-6 col-12 consultant\">\r\n                        <div class=\"grid-item-inner wow fadeIn active-featured\">\r\n                            <div class=\"grid-item-over\">\r\n                                <div class=\"item--featured\">\r\n                                    <img decoding=\"async\" class=\"disable-lazy no-lazyload\" src=\"https:\/\/sevenstars-call.com\/wp-content\/uploads\/2019\/11\/Capture-541x600.jpg\" width=\"541\" height=\"600\" alt=\"Capture\" title=\"Capture\" \/>                                <\/div>\r\n                                <div class=\"item--holder\">\r\n                                    <div class=\"item--holder-inner\">\r\n                                                                                    <div class=\"item--icon\"><i class=\"text-gradient fa fa-headphones\"><\/i><\/div>\r\n                                        \r\n                                                                                                                            <h3 class=\"item--title\">Services clients<\/h3>\r\n                                                                                <div class=\"item--gap\"><\/div>\r\n                                                                                    <div class=\"item--content\">\r\n                                                Unsere St\u00e4rke als Call Center liegt in unserer au\u00dfergew\u00f6hnlichen Kundenn\u00e4he. Intern wie extern stehen Ihre Kunden f\u00fcr uns an erster Stelle. Wir behandeln sie genauso,\u2026                                            <\/div>\r\n                                                                                                                            <div class=\"item--icon-abs\"><i class=\"text-gradient fa fa-headphones\"><\/i><\/div>\r\n                                                                            <\/div>\r\n                                <\/div>\r\n                                <div class=\"item--meta\">\r\n                                                                            <h3 class=\"item--title\">\r\n                                                                                            <a href=\"https:\/\/sevenstars-call.com\/fr\/service\/kundenbetreuung\/\">Services clients<\/a>\r\n                                                                                    <\/h3>\r\n                                                                                                                <div class=\"item--readmore\">\r\n                                                                                            <a class=\"more-plus\" href=\"https:\/\/sevenstars-call.com\/fr\/service\/kundenbetreuung\/\">+<\/a>\r\n                                                                                    <\/div>\r\n                                                                                                        <\/div>\r\n                            <\/div>\r\n                        <\/div>\r\n                    <\/div>\r\n                                <div class=\"grid-item col-xl-4 col-lg-4 col-md-6 col-sm-6 col-12 consultant\">\r\n                        <div class=\"grid-item-inner wow fadeIn active-featured\">\r\n                            <div class=\"grid-item-over\">\r\n                                <div class=\"item--featured\">\r\n                                    <img decoding=\"async\" class=\"disable-lazy no-lazyload\" src=\"https:\/\/sevenstars-call.com\/wp-content\/uploads\/2025\/12\/IMG_0064-1-scaled-541x600.jpg\" width=\"541\" height=\"600\" alt=\"IMG_0064\" title=\"IMG_0064\" \/>                                <\/div>\r\n                                <div class=\"item--holder\">\r\n                                    <div class=\"item--holder-inner\">\r\n                                                                                    <div class=\"item--icon\"><i class=\"text-gradient flaticon-puzzle\"><\/i><\/div>\r\n                                        \r\n                                                                                                                            <h3 class=\"item--title\">\u00c9tudes de march\u00e9 et d'opinion<\/h3>\r\n                                                                                <div class=\"item--gap\"><\/div>\r\n                                                                                    <div class=\"item--content\">\r\n                                                Wer ist eigentlich Ihre Zielgruppe? Ben\u00f6tigen Sie hierzu Markt- und Meinungsumfragen? Dann sind wir Ihr idealer Ansprechpartner und freuen uns, wenn Sie sich bei uns\u2026                                            <\/div>\r\n                                                                                                                            <div class=\"item--icon-abs\"><i class=\"text-gradient flaticon-puzzle\"><\/i><\/div>\r\n                                                                            <\/div>\r\n                                <\/div>\r\n                                <div class=\"item--meta\">\r\n                                                                            <h3 class=\"item--title\">\r\n                                                                                            <a href=\"https:\/\/sevenstars-call.com\/fr\/service\/markt-und-meinungsforschung\/\">\u00c9tudes de march\u00e9 et d'opinion<\/a>\r\n                                                                                    <\/h3>\r\n                                                                                                                <div class=\"item--readmore\">\r\n                                                                                            <a class=\"more-plus\" href=\"https:\/\/sevenstars-call.com\/fr\/service\/markt-und-meinungsforschung\/\">+<\/a>\r\n                                                                                    <\/div>\r\n                                                                                                        <\/div>\r\n                            <\/div>\r\n                        <\/div>\r\n                    <\/div>\r\n                                <div class=\"grid-sizer col-xl-4 col-lg-4 col-md-6 col-sm-6 col-12\"><\/div>\r\n            <\/div>\r\n        <\/div>\t\t<\/div>\n\t\t\t\t<\/div>\n\t\t            <\/div>\n        <\/div>\n                            <\/div>\n        <\/section>\n                <section class=\"elementor-section elementor-top-section elementor-element elementor-element-2b5b5683 elementor-section-boxed elementor-section-height-default elementor-section-height-default ct-header-fixed-none ct-row-max-none\" data-id=\"2b5b5683\" data-element_type=\"section\">\n            \n                        <div class=\"elementor-container elementor-column-gap-extended\">\n                    <div class=\"elementor-column elementor-col-100 elementor-top-column elementor-element elementor-element-4106b489\" data-id=\"4106b489\" data-element_type=\"column\">\n            <div class=\"elementor-widget-wrap elementor-element-populated\">\n                        \t\t<div class=\"elementor-element elementor-element-5b8ee2df elementor-widget elementor-widget-ct_clients_list\" data-id=\"5b8ee2df\" data-element_type=\"widget\" data-widget_type=\"ct_clients_list.default\">\n\t\t\t\t<div class=\"elementor-widget-container\">\n\t\t\t    <div class=\"ct-client1 ct-slick-slider style1\">\r\n        <div class=\"ct-clients-list-inner\">\r\n            <div class=\"ct-slick-carousel\" data-arrows=\"\" data-dots=\"\" data-pauseonhover=\"\" data-autoplay=\"true\" data-autoplayspeed=\"8000\" data-infinite=\"true\" data-speed=\"800\" data-colxs=\"2\" data-colsm=\"3\" data-colmd=\"4\" data-collg=\"4\" data-colxl=\"4\" data-dir=\"false\" data-slidestoscroll=\"1\">\r\n                                        <div class=\"slick-slide\">\r\n                            <div class=\"client-image wow zoomIn\">\r\n                                <a href=\"#\">\r\n                                    <img decoding=\"async\" width=\"169\" height=\"35\" src=\"https:\/\/sevenstars-call.com\/wp-content\/uploads\/2019\/11\/client-01.png\" class=\"ct-thumb-1 attachment-full\" alt=\"\" \/>                                                                    <\/a>\r\n                            <\/div>\r\n                        <\/div>\r\n                                                            <div class=\"slick-slide\">\r\n                            <div class=\"client-image wow zoomIn\">\r\n                                <a href=\"#\">\r\n                                    <img decoding=\"async\" width=\"143\" height=\"42\" src=\"https:\/\/sevenstars-call.com\/wp-content\/uploads\/2019\/11\/client-02.png\" class=\"ct-thumb-1 attachment-full\" alt=\"\" \/>                                                                    <\/a>\r\n                            <\/div>\r\n                        <\/div>\r\n                                                            <div class=\"slick-slide\">\r\n                            <div class=\"client-image wow zoomIn\">\r\n                                <a href=\"#\">\r\n                                    <img decoding=\"async\" width=\"166\" height=\"38\" src=\"https:\/\/sevenstars-call.com\/wp-content\/uploads\/2019\/11\/client-03.png\" class=\"ct-thumb-1 attachment-full\" alt=\"\" \/>                                                                    <\/a>\r\n                            <\/div>\r\n                        <\/div>\r\n                                                            <div class=\"slick-slide\">\r\n                            <div class=\"client-image wow zoomIn\">\r\n                                <a href=\"#\">\r\n                                    <img decoding=\"async\" width=\"170\" height=\"35\" src=\"https:\/\/sevenstars-call.com\/wp-content\/uploads\/2019\/11\/client-04.png\" class=\"ct-thumb-1 attachment-full\" alt=\"\" \/>                                                                    <\/a>\r\n                            <\/div>\r\n                        <\/div>\r\n                                                            <div class=\"slick-slide\">\r\n                            <div class=\"client-image wow zoomIn\">\r\n                                <a href=\"#\">\r\n                                    <img decoding=\"async\" width=\"196\" height=\"36\" src=\"https:\/\/sevenstars-call.com\/wp-content\/uploads\/2019\/12\/client-05.png\" class=\"ct-thumb-1 attachment-full\" alt=\"\" \/>                                                                    <\/a>\r\n                            <\/div>\r\n                        <\/div>\r\n                                                <\/div>\r\n        <\/div>\r\n    <\/div>\r\n\t\t<\/div>\n\t\t\t\t<\/div>\n\t\t            <\/div>\n        <\/div>\n                            <\/div>\n        <\/section>\n        \t\t\t\t\t<\/div>","protected":false},"excerpt":{"rendered":"<p>Services Unsere Dienstleistungen: Erfolg durch hervorragende Kundenbetreuung Um Ihre Kundenzufriedenheit und Ihre Gesch\u00e4ftserfolg zu steigern, bieten wir Ihnen ein breites Spektrum an Dienstleistungen. Wir sind Ihr zuverl\u00e4ssiger Partner f\u00fcr Inbound- und Outbound-Service, Terminvereinbarungen, Kundenservice sowie Markt- und Meinungsumfragen Inbound Kundenbetreuung mal anders \u2013 unser Inbound-Team ist unschlagbar! Wir k\u00fcmmern uns mit Hingabe um alle eingehenden [&hellip;]<\/p>","protected":false},"author":1,"featured_media":0,"parent":0,"menu_order":0,"comment_status":"closed","ping_status":"closed","template":"","meta":{"footnotes":""},"class_list":["post-407","page","type-page","status-publish","hentry"],"_links":{"self":[{"href":"https:\/\/sevenstars-call.com\/fr\/wp-json\/wp\/v2\/pages\/407","targetHints":{"allow":["GET"]}}],"collection":[{"href":"https:\/\/sevenstars-call.com\/fr\/wp-json\/wp\/v2\/pages"}],"about":[{"href":"https:\/\/sevenstars-call.com\/fr\/wp-json\/wp\/v2\/types\/page"}],"author":[{"embeddable":true,"href":"https:\/\/sevenstars-call.com\/fr\/wp-json\/wp\/v2\/users\/1"}],"replies":[{"embeddable":true,"href":"https:\/\/sevenstars-call.com\/fr\/wp-json\/wp\/v2\/comments?post=407"}],"version-history":[{"count":25,"href":"https:\/\/sevenstars-call.com\/fr\/wp-json\/wp\/v2\/pages\/407\/revisions"}],"predecessor-version":[{"id":8484,"href":"https:\/\/sevenstars-call.com\/fr\/wp-json\/wp\/v2\/pages\/407\/revisions\/8484"}],"wp:attachment":[{"href":"https:\/\/sevenstars-call.com\/fr\/wp-json\/wp\/v2\/media?parent=407"}],"curies":[{"name":"wp","href":"https:\/\/api.w.org\/{rel}","templated":true}]}}